{"id":582,"date":"2021-08-31T06:59:03","date_gmt":"2021-08-31T06:59:03","guid":{"rendered":"https:\/\/bsgdtphcm.vn\/quanly\/?page_id=582"},"modified":"2023-03-02T12:13:30","modified_gmt":"2023-03-02T12:13:30","slug":"cme-xquang","status":"publish","type":"page","link":"http:\/\/bsgdtphcm.vn\/quanly\/cme-xquang\/","title":{"rendered":"CME XQUANG"},"content":{"rendered":"\n<h2 class=\"wp-block-heading\">N\u1ed9i dung th\u01b0 vi\u1ec7n d\u00f9ng \u0111\u1ec3 thi\u1ebft k\u1ebf kho\u00e1<\/h2>\n\n\n\n<ul class=\"wp-block-list\"><li>B\u00e0n l\u00e0m vi\u1ec7c ch\u00ednh cho gi\u1ea3ng vi\u00ean ph\u1ee5 tr\u00e1ch <a rel=\"noreferrer noopener\" href=\"https:\/\/docs.google.com\/spreadsheets\/d\/1qJRGPygHk0sxyF-soPcHL5LJFyCmCPKzPABnj4PDkgw\/edit?usp=sharing\" target=\"_blank\">\u0111\u01b0\u1eddng d\u1eabn<\/a><\/li><li>Xem th\u01b0 vi\u1ec7n n\u1ed9i dung XQuang v\u00e0 \u0111\u1ec3 \u0111\u1ecdc ECG: <a rel=\"noreferrer noopener\" href=\"https:\/\/docs.google.com\/spreadsheets\/d\/1IaM83zAnPurJRyuTwrem8UKVKgjj6qbNzgMR-9jTib4\/edit?usp=sharing\" target=\"_blank\">Link Google Drive th\u01b0 vi\u1ec7n XQuang<\/a><\/li><li>N\u1ea1p c\u00e2u h\u1ecfi XQuang: <a rel=\"noreferrer noopener\" href=\"https:\/\/forms.gle\/CBcUMgUarZu4xVWH7\" target=\"_blank\">T\u1ea1o c\u00e2u h\u1ecfi m\u1edbi (tr\u1eafc nghi\u1ec7m \/ m\u1edf)<\/a><\/li><li>B\u1ed9 qu\u1ea3n l\u00fd n\u1ed9i dung <a href=\"https:\/\/docs.google.com\/spreadsheets\/d\/10ImOjQtqjbb8umYRZ7LN1siqEU5XsYSAwxLvZ3zldE4\/edit#gid=229969901\">\u0111\u01b0\u1eddng d\u1eabn <\/a><\/li><\/ul>\n\n\n\n<p><\/p>\n\n\n\n<p><\/p>\n\n\n\n<h2>C\u00e1c c\u00f4ng c\u1ee5 gi\u00fap h\u1ecdc t\u1eadp<\/h2>\n\n\n\n<p>Luy\u1ec7n c\u00e2u h\u1ecfi \u0111\u00f3ng (c\u00e2u ng\u1eabu nhi\u00ean &#8211; ch\u1ec9 quan t\u00e2m c\u00f3 b\u1ea5t th\u01b0\u1eddng hay kh\u00f4ng)<\/p>\n\n\n\n<p><a href=\"https:\/\/bsgdtphcm.vn\/xquang\/view.php\">https:\/\/bsgdtphcm.vn\/xquang\/viewyesno.php<\/a><\/p>\n\n\n\n<p>Luy\u1ec7n c\u00e2u h\u1ecfi m\u1edf (hi\u1ec7n c\u00e2u ng\u1eabu nhi\u00ean &#8211; c\u00f3 \u0111\u00e1p \u00e1n), c\u00e2u h\u1ecfi \u0111\u01a1n<\/p>\n\n\n\n<p><a href=\"https:\/\/bsgdtphcm.vn\/xquang\/viewopen.php\">https:\/\/bsgdtphcm.vn\/xquang\/viewopen.php<\/a><\/p>\n","protected":false},"excerpt":{"rendered":"<div class=\"mh-excerpt\"><p>N\u1ed9i dung th\u01b0 vi\u1ec7n d\u00f9ng \u0111\u1ec3 thi\u1ebft k\u1ebf kho\u00e1 B\u00e0n l\u00e0m vi\u1ec7c ch\u00ednh cho gi\u1ea3ng vi\u00ean ph\u1ee5 tr\u00e1ch \u0111\u01b0\u1eddng d\u1eabn Xem th\u01b0 vi\u1ec7n n\u1ed9i dung <a class=\"mh-excerpt-more\" href=\"http:\/\/bsgdtphcm.vn\/quanly\/cme-xquang\/\" title=\"CME XQUANG\">[&#8230;]<\/a><\/p>\n<\/div>","protected":false},"author":1,"featured_media":0,"parent":0,"menu_order":0,"comment_status":"closed","ping_status":"closed","template":"","meta":{"footnotes":""},"class_list":["post-582","page","type-page","status-publish","hentry"],"_links":{"self":[{"href":"http:\/\/bsgdtphcm.vn\/quanly\/wp-json\/wp\/v2\/pages\/582","targetHints":{"allow":["GET"]}}],"collection":[{"href":"http:\/\/bsgdtphcm.vn\/quanly\/wp-json\/wp\/v2\/pages"}],"about":[{"href":"http:\/\/bsgdtphcm.vn\/quanly\/wp-json\/wp\/v2\/types\/page"}],"author":[{"embeddable":true,"href":"http:\/\/bsgdtphcm.vn\/quanly\/wp-json\/wp\/v2\/users\/1"}],"replies":[{"embeddable":true,"href":"http:\/\/bsgdtphcm.vn\/quanly\/wp-json\/wp\/v2\/comments?post=582"}],"version-history":[{"count":13,"href":"http:\/\/bsgdtphcm.vn\/quanly\/wp-json\/wp\/v2\/pages\/582\/revisions"}],"predecessor-version":[{"id":746,"href":"http:\/\/bsgdtphcm.vn\/quanly\/wp-json\/wp\/v2\/pages\/582\/revisions\/746"}],"wp:attachment":[{"href":"http:\/\/bsgdtphcm.vn\/quanly\/wp-json\/wp\/v2\/media?parent=582"}],"curies":[{"name":"wp","href":"https:\/\/api.w.org\/{rel}","templated":true}]}}