{"id":490,"date":"2021-01-10T22:20:12","date_gmt":"2021-01-10T22:20:12","guid":{"rendered":"https:\/\/bsgdtphcm.vn\/quanly\/?page_id=490"},"modified":"2021-01-10T22:20:12","modified_gmt":"2021-01-10T22:20:12","slug":"theo-doi-khoa-cu","status":"publish","type":"page","link":"http:\/\/bsgdtphcm.vn\/quanly\/theo-doi-khoa-cu\/","title":{"rendered":"Theo d\u00f5i kh\u00f3a c\u0169"},"content":{"rendered":"\n<p>D\u00f9ng \u0111\u1ec3 theo d\u00f5i ti\u1ebfn \u0111\u1ed9 kh\u00f3a<\/p>\n","protected":false},"excerpt":{"rendered":"<div class=\"mh-excerpt\"><p>D\u00f9ng \u0111\u1ec3 theo d\u00f5i ti\u1ebfn \u0111\u1ed9 kh\u00f3a<\/p>\n<\/div>","protected":false},"author":1,"featured_media":0,"parent":0,"menu_order":0,"comment_status":"closed","ping_status":"closed","template":"","meta":{"footnotes":""},"class_list":["post-490","page","type-page","status-publish","hentry"],"_links":{"self":[{"href":"http:\/\/bsgdtphcm.vn\/quanly\/wp-json\/wp\/v2\/pages\/490","targetHints":{"allow":["GET"]}}],"collection":[{"href":"http:\/\/bsgdtphcm.vn\/quanly\/wp-json\/wp\/v2\/pages"}],"about":[{"href":"http:\/\/bsgdtphcm.vn\/quanly\/wp-json\/wp\/v2\/types\/page"}],"author":[{"embeddable":true,"href":"http:\/\/bsgdtphcm.vn\/quanly\/wp-json\/wp\/v2\/users\/1"}],"replies":[{"embeddable":true,"href":"http:\/\/bsgdtphcm.vn\/quanly\/wp-json\/wp\/v2\/comments?post=490"}],"version-history":[{"count":1,"href":"http:\/\/bsgdtphcm.vn\/quanly\/wp-json\/wp\/v2\/pages\/490\/revisions"}],"predecessor-version":[{"id":491,"href":"http:\/\/bsgdtphcm.vn\/quanly\/wp-json\/wp\/v2\/pages\/490\/revisions\/491"}],"wp:attachment":[{"href":"http:\/\/bsgdtphcm.vn\/quanly\/wp-json\/wp\/v2\/media?parent=490"}],"curies":[{"name":"wp","href":"https:\/\/api.w.org\/{rel}","templated":true}]}}