{"id":481,"date":"2020-12-30T05:00:48","date_gmt":"2020-12-30T05:00:48","guid":{"rendered":"https:\/\/bsgdtphcm.vn\/quanly\/?page_id=481"},"modified":"2021-09-04T11:07:12","modified_gmt":"2021-09-04T11:07:12","slug":"noi-dung-hop-bo-mon","status":"publish","type":"page","link":"http:\/\/bsgdtphcm.vn\/quanly\/noi-dung-hop-bo-mon\/","title":{"rendered":"N\u1ed9i dung h\u1ecdp b\u1ed9 m\u00f4n"},"content":{"rendered":"\n<p>\u0110\u00e2y l\u00e0 c\u00e1c ch\u1ee7 \u0111\u1ec1 s\u1ebd \u0111\u01b0\u1ee3c \u0111\u01b0a ra h\u1ecdp b\u1ed9 m\u00f4n v\u00e0o chi\u1ec1u th\u1ee9 ba<\/p>\n\n\n\n<p>\u0110\u01b0\u1eddng d\u1eabn v\u00e0o xem t\u1ea5t c\u1ea3 c\u00f4ng vi\u1ec7c trong qu\u00e1 kh\u1ee9<\/p>\n\n\n\n<iframe loading=\"lazy\" width=\"100%\" height=\"800px\" src=\"https:\/\/docs.google.com\/spreadsheets\/d\/e\/2PACX-1vRZKH5VOYSTmFktwrEQOQ_6Q-OBTnTiY0F4AjRjZHMPdYJB2Wn65j8zCr4HMSNQzpdRJaM5b7e0Ake_\/pubhtml?gid=172897769&amp;single=true&amp;widget=true&amp;headers=false\"><\/iframe>\n","protected":false},"excerpt":{"rendered":"<div class=\"mh-excerpt\"><p>\u0110\u00e2y l\u00e0 c\u00e1c ch\u1ee7 \u0111\u1ec1 s\u1ebd \u0111\u01b0\u1ee3c \u0111\u01b0a ra h\u1ecdp b\u1ed9 m\u00f4n v\u00e0o chi\u1ec1u th\u1ee9 ba \u0110\u01b0\u1eddng d\u1eabn v\u00e0o xem t\u1ea5t c\u1ea3 c\u00f4ng vi\u1ec7c trong <a class=\"mh-excerpt-more\" href=\"http:\/\/bsgdtphcm.vn\/quanly\/noi-dung-hop-bo-mon\/\" title=\"N\u1ed9i dung h\u1ecdp b\u1ed9 m\u00f4n\">[&#8230;]<\/a><\/p>\n<\/div>","protected":false},"author":1,"featured_media":0,"parent":0,"menu_order":0,"comment_status":"closed","ping_status":"closed","template":"","meta":{"footnotes":""},"class_list":["post-481","page","type-page","status-publish","hentry"],"_links":{"self":[{"href":"http:\/\/bsgdtphcm.vn\/quanly\/wp-json\/wp\/v2\/pages\/481","targetHints":{"allow":["GET"]}}],"collection":[{"href":"http:\/\/bsgdtphcm.vn\/quanly\/wp-json\/wp\/v2\/pages"}],"about":[{"href":"http:\/\/bsgdtphcm.vn\/quanly\/wp-json\/wp\/v2\/types\/page"}],"author":[{"embeddable":true,"href":"http:\/\/bsgdtphcm.vn\/quanly\/wp-json\/wp\/v2\/users\/1"}],"replies":[{"embeddable":true,"href":"http:\/\/bsgdtphcm.vn\/quanly\/wp-json\/wp\/v2\/comments?post=481"}],"version-history":[{"count":3,"href":"http:\/\/bsgdtphcm.vn\/quanly\/wp-json\/wp\/v2\/pages\/481\/revisions"}],"predecessor-version":[{"id":594,"href":"http:\/\/bsgdtphcm.vn\/quanly\/wp-json\/wp\/v2\/pages\/481\/revisions\/594"}],"wp:attachment":[{"href":"http:\/\/bsgdtphcm.vn\/quanly\/wp-json\/wp\/v2\/media?parent=481"}],"curies":[{"name":"wp","href":"https:\/\/api.w.org\/{rel}","templated":true}]}}