{"id":479,"date":"2020-12-30T04:58:27","date_gmt":"2020-12-30T04:58:27","guid":{"rendered":"https:\/\/bsgdtphcm.vn\/quanly\/?page_id=479"},"modified":"2021-05-04T22:47:25","modified_gmt":"2021-05-04T22:47:25","slug":"de-xuat-noi-dung-cuoc-hop","status":"publish","type":"page","link":"http:\/\/bsgdtphcm.vn\/quanly\/de-xuat-noi-dung-cuoc-hop\/","title":{"rendered":"\u0110\u1ec1 xu\u1ea5t n\u1ed9i dung cu\u1ed9c h\u1ecdp"},"content":{"rendered":"\n<pre class=\"wp-block-preformatted\">\u0110\u1ec3 \u0111\u1ec1 xu\u1ea5t - b\u1ed5 sung th\u00eam n\u1ed9i dung cho cu\u1ed9c h\u1ecdp, phi\u1ec1n qu\u00fd th\u1ea7y c\u00f4 c\u1eadp nh\u1eadt th\u00eam th\u00f4ng tin theo \u0111\u01b0\u1eddng d\u1eabn sau\n<a rel=\"noreferrer noopener\" href=\"https:\/\/docs.google.com\/forms\/d\/e\/1FAIpQLSeLtSd0p0UrczGGaoIdwn7NbP4WJTv5QFAxMCVtpnYtbwNU_Q\/viewform\" target=\"_blank\">B\u1ed5 sung n\u1ed9i dung<\/a><\/pre>\n\n\n\n<pre class=\"wp-block-preformatted\">C\u00e1c n\u1ed9i dung \u0111ang \u0111\u1ec1 xu\u1ea5t cho cu\u1ed9c h\u1ecdp k\u1ef3 sau<\/pre>\n\n\n\n<iframe loading=\"lazy\" width=\"100%\" height=\"600px\" src=\"https:\/\/docs.google.com\/spreadsheets\/d\/1PNw59zdynC3rYB8GrZ7VuuGPKx1O5zHlAvlTnpMMPEk\/edit#gid=172897769;single=true&amp;widget=true&amp;headers=false\"><\/iframe>\n","protected":false},"excerpt":{"rendered":"<div class=\"mh-excerpt\"><p>\u0110\u1ec3 \u0111\u1ec1 xu\u1ea5t &#8211; b\u1ed5 sung th\u00eam n\u1ed9i dung cho cu\u1ed9c h\u1ecdp, phi\u1ec1n qu\u00fd th\u1ea7y c\u00f4 c\u1eadp nh\u1eadt th\u00eam th\u00f4ng tin theo \u0111\u01b0\u1eddng d\u1eabn sau <a class=\"mh-excerpt-more\" href=\"http:\/\/bsgdtphcm.vn\/quanly\/de-xuat-noi-dung-cuoc-hop\/\" title=\"\u0110\u1ec1 xu\u1ea5t n\u1ed9i dung cu\u1ed9c h\u1ecdp\">[&#8230;]<\/a><\/p>\n<\/div>","protected":false},"author":1,"featured_media":0,"parent":0,"menu_order":0,"comment_status":"closed","ping_status":"closed","template":"","meta":{"footnotes":""},"class_list":["post-479","page","type-page","status-publish","hentry"],"_links":{"self":[{"href":"http:\/\/bsgdtphcm.vn\/quanly\/wp-json\/wp\/v2\/pages\/479","targetHints":{"allow":["GET"]}}],"collection":[{"href":"http:\/\/bsgdtphcm.vn\/quanly\/wp-json\/wp\/v2\/pages"}],"about":[{"href":"http:\/\/bsgdtphcm.vn\/quanly\/wp-json\/wp\/v2\/types\/page"}],"author":[{"embeddable":true,"href":"http:\/\/bsgdtphcm.vn\/quanly\/wp-json\/wp\/v2\/users\/1"}],"replies":[{"embeddable":true,"href":"http:\/\/bsgdtphcm.vn\/quanly\/wp-json\/wp\/v2\/comments?post=479"}],"version-history":[{"count":2,"href":"http:\/\/bsgdtphcm.vn\/quanly\/wp-json\/wp\/v2\/pages\/479\/revisions"}],"predecessor-version":[{"id":533,"href":"http:\/\/bsgdtphcm.vn\/quanly\/wp-json\/wp\/v2\/pages\/479\/revisions\/533"}],"wp:attachment":[{"href":"http:\/\/bsgdtphcm.vn\/quanly\/wp-json\/wp\/v2\/media?parent=479"}],"curies":[{"name":"wp","href":"https:\/\/api.w.org\/{rel}","templated":true}]}}