{"id":255,"date":"2019-11-27T22:35:04","date_gmt":"2019-11-27T22:35:04","guid":{"rendered":"https:\/\/bsgdtphcm.vn\/quanly\/?page_id=255"},"modified":"2023-03-22T21:48:48","modified_gmt":"2023-03-22T21:48:48","slug":"bo-quan-ly-noi-dung","status":"publish","type":"page","link":"http:\/\/bsgdtphcm.vn\/quanly\/bo-quan-ly-noi-dung\/","title":{"rendered":"B\u1ed9 qu\u1ea3n l\u00fd n\u1ed9i dung"},"content":{"rendered":"\n<p>T\u1eadp h\u1ee3p c\u00e1c th\u00f4ng tin li\u00ean quan \u0111\u1ebfn ch\u01b0\u01a1ng tr\u00ecnh qu\u1ea3n l\u00fd n\u1ed9i dung (b\u00e0i gi\u1ea3ng) m\u1edbi c\u1ee7a b\u1ed9 m\u00f4n. V\u00ed d\u1ee5 v\u1ec1 n\u00f3 xin xem theo \u0111\u01b0\u1eddng d\u1eabn<\/p>\n\n\n\n<p>v\u00ed d\u1ee5 cho m\u1eabu th\u00f4ng tin ki\u1ebfn th\u1ee9c <a rel=\"noreferrer noopener\" aria-label=\" (m\u1edf trong tab m\u1edbi)\" href=\"http:\/\/bsgdtphcm.vn\/api\/content.php?id=293\" target=\"_blank\">http:\/\/bsgdtphcm.vn\/api\/content.php?id=293<\/a><\/p>\n\n\n\n<p><a rel=\"noreferrer noopener\" aria-label=\"\u0110\u01b0\u1eddng d\u1eabn \u0111\u1ec3 nh\u1eadp th\u00f4ng tin ki\u1ebfn th\u1ee9c (m\u1edf trong tab m\u1edbi)\" href=\"https:\/\/docs.google.com\/forms\/d\/e\/1FAIpQLSeQ8A_Arku3_HlCyFTkYxy18NpNhQNa-C75vLAMV_O6uhnFQA\/viewform\" target=\"_blank\">\u0110\u01b0\u1eddng d\u1eabn \u0111\u1ec3 nh\u1eadp ki\u1ebfn th\u1ee9c m\u1edbi<\/a><\/p>\n\n\n\n<p><a href=\"https:\/\/bsgdtphcm.vn\/api\/finder.php\" target=\"_blank\" rel=\"noreferrer noopener\">\u0110\u01b0\u1eddng d\u1eabn \u0111\u1ec3 v\u00e0o xem ng\u00e2n h\u00e0ng ki\u1ebfn th\u1ee9c<\/a><\/p>\n\n\n\n<p><a rel=\"noreferrer noopener\" aria-label=\"T\u00ecm ki\u1ebfm th\u00f4ng tin  (m\u1edf trong tab m\u1edbi)\" href=\"https:\/\/docs.google.com\/spreadsheets\/d\/1dJ68AP1wHZ5rH8LdHUTc7Cbc4xsNIauX9lKbgapu7Lw\/edit?usp=sharing#gid=1776318435\" target=\"_blank\">T\u00ec<\/a><a rel=\"noreferrer noopener\" aria-label=\"m ki\u1ebfm th\u00f4ng tin  (m\u1edf trong tab m\u1edbi)\" href=\"http:\/\/bsgdtphcm.vn\/api\/finder.php\" target=\"_blank\">m ki\u1ebfm th\u00f4ng tin <\/a><\/p>\n\n\n\n<p>H\u01b0\u1edbng d\u1eabn<\/p>\n\n\n\n<p><a href=\"https:\/\/bsgdtphcm.vn\/video\/huongdan_khonoidung.mp4\">https:\/\/bsgdtphcm.vn\/video\/huongdan_khonoidung.mp4<\/a><\/p>\n\n\n\n<p><\/p>\n\n\n<h3>C\u00e1c ngu\u1ed3n l\u1ef1c t\u01b0 li\u1ec7u gi\u1ea3ng d\u1ea1y<\/h3>\n<p><a href=\"https:\/\/bsgdtphcm.vn\/api\/finder.php\" target=\"_blank\" rel=\"noopener noreferrer\">\u0111\u01b0\u1eddng d\u1eabn<\/a><\/p>\n\n\n<p><strong>C\u00e1c ng\u00e2n h\u00e0ng t\u00ecnh hu\u1ed1ng &#8211; khung n\u1ed9i dung &#8211; b\u00e0i gi\u1ea3ng <\/strong><\/p>\n\n\n\n<p><a href=\"https:\/\/docs.google.com\/spreadsheets\/d\/1gLa7POE2n93pM2uilWwjccaHoHypMSpFNo6F2ta9P8w\/edit#gid=1151431659\">https:\/\/docs.google.com\/spreadsheets\/d\/1gLa7POE2n93pM2uilWwjccaHoHypMSpFNo6F2ta9P8w\/edit#gid=1151431659<\/a><\/p>\n\n\n\n<p><strong>Th\u01b0 vi\u1ec7n c\u00e1c b\u00e0i gi\u1ea3ng YHG\u0110 c\u00e1c tr\u01b0\u1eddng<\/strong><\/p>\n\n\n\n<p><a href=\"https:\/\/drive.google.com\/drive\/folders\/1rsgHiBOFTo_hwuM-i-bJERK9toJtRgll\">https:\/\/drive.google.com\/drive\/folders\/1rsgHiBOFTo_hwuM-i-bJERK9toJtRgll<\/a><\/p>\n","protected":false},"excerpt":{"rendered":"<div class=\"mh-excerpt\"><p>T\u1eadp h\u1ee3p c\u00e1c th\u00f4ng tin li\u00ean quan \u0111\u1ebfn ch\u01b0\u01a1ng tr\u00ecnh qu\u1ea3n l\u00fd n\u1ed9i dung (b\u00e0i gi\u1ea3ng) m\u1edbi c\u1ee7a b\u1ed9 m\u00f4n. V\u00ed d\u1ee5 v\u1ec1 n\u00f3 xin <a class=\"mh-excerpt-more\" href=\"http:\/\/bsgdtphcm.vn\/quanly\/bo-quan-ly-noi-dung\/\" title=\"B\u1ed9 qu\u1ea3n l\u00fd n\u1ed9i dung\">[&#8230;]<\/a><\/p>\n<\/div>","protected":false},"author":1,"featured_media":0,"parent":0,"menu_order":0,"comment_status":"closed","ping_status":"closed","template":"","meta":{"footnotes":""},"class_list":["post-255","page","type-page","status-publish","hentry"],"_links":{"self":[{"href":"http:\/\/bsgdtphcm.vn\/quanly\/wp-json\/wp\/v2\/pages\/255","targetHints":{"allow":["GET"]}}],"collection":[{"href":"http:\/\/bsgdtphcm.vn\/quanly\/wp-json\/wp\/v2\/pages"}],"about":[{"href":"http:\/\/bsgdtphcm.vn\/quanly\/wp-json\/wp\/v2\/types\/page"}],"author":[{"embeddable":true,"href":"http:\/\/bsgdtphcm.vn\/quanly\/wp-json\/wp\/v2\/users\/1"}],"replies":[{"embeddable":true,"href":"http:\/\/bsgdtphcm.vn\/quanly\/wp-json\/wp\/v2\/comments?post=255"}],"version-history":[{"count":9,"href":"http:\/\/bsgdtphcm.vn\/quanly\/wp-json\/wp\/v2\/pages\/255\/revisions"}],"predecessor-version":[{"id":748,"href":"http:\/\/bsgdtphcm.vn\/quanly\/wp-json\/wp\/v2\/pages\/255\/revisions\/748"}],"wp:attachment":[{"href":"http:\/\/bsgdtphcm.vn\/quanly\/wp-json\/wp\/v2\/media?parent=255"}],"curies":[{"name":"wp","href":"https:\/\/api.w.org\/{rel}","templated":true}]}}