{"id":251,"date":"2019-11-27T22:15:07","date_gmt":"2019-11-27T22:15:07","guid":{"rendered":"https:\/\/bsgdtphcm.vn\/quanly\/?page_id=251"},"modified":"2020-05-30T23:26:07","modified_gmt":"2020-05-30T23:26:07","slug":"benh-nhan-ao","status":"publish","type":"page","link":"http:\/\/bsgdtphcm.vn\/quanly\/benh-nhan-ao\/","title":{"rendered":"B\u1ec7nh nh\u00e2n \u1ea3o"},"content":{"rendered":"\n<p>T\u1eadp h\u1ee3p c\u00e1c c\u00f4ng c\u1ee5 kh\u00e1c nhau gi\u00fap qu\u1ea3n l\u00fd ch\u01b0\u01a1ng tr\u00ecnh b\u1ec7nh nh\u00e2n \u1ea3o<\/p>\n\n\n\n<p><a rel=\"noreferrer noopener\" aria-label=\"\u0110\u01b0\u1eddng d\u1eabn v\u00e0o b\u1ec7nh \u00e1n \u1ea3o (m\u1edf trong tab m\u1edbi)\" href=\"http:\/\/bsgdtphcm.vn\/benhanao\" target=\"_blank\">\u0110\u01b0\u1eddng d\u1eabn v\u00e0o b\u1ec7nh \u00e1n \u1ea3o<\/a><\/p>\n\n\n\n<p><a rel=\"noreferrer noopener\" aria-label=\"\u0110\u01b0\u1eddng d\u1eabn nh\u1eadp th\u00f4ng tin c\u00e2u h\u1ecfi (m\u1edf trong tab m\u1edbi)\" href=\"https:\/\/docs.google.com\/forms\/d\/e\/1FAIpQLScoJ_x69EjF65gr_ah-P9zKC6OWimTixvhMabiJ9dzN4weBhw\/viewform?usp=sf_link\" target=\"_blank\">\u0110\u01b0\u1eddng d\u1eabn nh\u1eadp th\u00f4ng tin c\u00e2u h\u1ecfi<\/a><\/p>\n\n\n\n<p><a rel=\"noreferrer noopener\" aria-label=\"\u0110\u01b0\u1eddng d\u1eabn v\u00e0o ng\u00e2n h\u00e0ng c\u00e2u h\u1ecfi (m\u1edf trong tab m\u1edbi)\" href=\"https:\/\/docs.google.com\/spreadsheets\/d\/1JRMfjCJFCU0Q7SRqIaqXuKy_d9PJCjkWOwPpPcYkvQo\/edit?usp=sharing\" target=\"_blank\">\u0110\u01b0\u1eddng d\u1eabn v\u00e0o ng\u00e2n h\u00e0ng c\u00e2u h\u1ecfi<\/a><\/p>\n\n\n\n<p><a href=\"https:\/\/docs.google.com\/spreadsheets\/d\/11r7_gkeqOCvAxKfQhK6icXrYf7igMU_cKcanz8Fq6cw\/edit?usp=sharing\" target=\"_blank\" rel=\"noreferrer noopener\" aria-label=\"\u0110\u01b0\u1eddng d\u1eabn v\u00e0o n\u1ea1p danh s\u00e1ch h\u1ecdc vi\u00ean (m\u1edf trong tab m\u1edbi)\">\u0110\u01b0\u1eddng d\u1eabn v\u00e0o n\u1ea1p danh s\u00e1ch h\u1ecdc vi\u00ean<\/a><\/p>\n\n\n\n<p><a rel=\"noreferrer noopener\" aria-label=\"\u0110\u01b0\u1eddng d\u1eabn v\u00e0o qu\u1ea3n l\u00fd Mysql d\u1eef li\u1ec7u (c\u1ea7n c\u00f3 t\u00e0i kho\u1ea3n) (m\u1edf trong tab m\u1edbi)\" href=\"https:\/\/pnt.badt.vn\/phpmyadmin\" target=\"_blank\">\u0110\u01b0\u1eddng d\u1eabn v\u00e0o qu\u1ea3n l\u00fd Mysql d\u1eef li\u1ec7u (c\u1ea7n c\u00f3 t\u00e0i kho\u1ea3n)<\/a><\/p>\n\n\n\n<p><strong>\u0110\u1ed1i v\u1edbi tr\u01b0\u1eddng h\u1ee3p b\u1ecb l\u1ed7i h\u1ecdc vi\u00ean kh\u00f4ng th\u1ec3 g\u1eedi \u0111\u01b0\u1ee3c th\u01b0 cho gi\u1ea3ng vi\u00ean, ch\u1ea1y c\u00e1c \u0111o\u1ea1n code ph\u00eda d\u01b0\u1edbi (d\u00f9ng trong mysql)<\/strong><\/p>\n\n\n\n<p><em>update pnotes set assigned_to = &#8220;admin&#8221; where user like &#8220;k2%&#8221; and assigned_to like &#8220;k2%&#8221; and mark = -1<\/em><\/p>\n\n\n\n<p><em>update pnotes set user = &#8220;admin&#8221; where user like &#8220;k2%&#8221; and assigned_to like &#8220;k2%&#8221; and mark &gt; -1<\/em><\/p>\n\n\n\n<p><strong>Th\u00f4ng tin t\u00e0i kho\u1ea3n<\/strong><\/p>\n\n\n\n<figure class=\"wp-block-table\"><table class=\"\"><tbody><tr><td>hoten<\/td><td>taikhoan<\/td><td>email<\/td><td>id tr\u00ean b\u1ec7nh \u00e1n<\/td><\/tr><tr><td>Tr\u1ea7n \u0110\u1ee9c S\u0129<\/td><td>ducsi<\/td><td>tranducsi@gmail.com<\/td><td>24<\/td><\/tr><tr><td>V\u00f5 Th\u00e0nh Li\u00eam<\/td><td>admin<\/td><td>thanhliem.vo@gmail.com<\/td><td>1<\/td><\/tr><tr><td>Nguy\u1ec5n Th\u00f9y Ch\u00e2u<\/td><td>thuychau<\/td><td>thuychaudr@gmail.com<\/td><td>16<\/td><\/tr><tr><td>Tr\u1ea7n Th\u1ecb Hoa Vi<\/td><td>hoavi<\/td><td>hoavi1880@yahoo.com<\/td><td>23<\/td><\/tr><tr><td>Nguy\u1ec5n Ti\u1ebfn H\u01b0ng<\/td><td>tienhung<\/td><td>tienhunginter@gmail.com<\/td><td>15<\/td><\/tr><tr><td>Nguy\u1ec5n Th\u1ecb Ng\u1ecdc Di\u1ec5m<\/td><td>ngocdiem<\/td><td>ngocdiem_lhp@yahoo.com<\/td><td>14<\/td><\/tr><tr><td>Tr\u1ea7n Cao Th\u1ecbnh Ph\u01b0\u1edbc<\/td><td>thinhphuoc<\/td><td>Tphuoc.gtps@gmail.com<\/td><td>13<\/td><\/tr><tr><td>L\u00fd Th\u1ecb M\u1ef9 Ng\u00e2n<\/td><td>myngan<\/td><td>Dr.nganly.pnt@gmail.com<\/td><td>17<\/td><\/tr><tr><td>Tr\u1ea7n Ng\u1ecdc H\u00e0<\/td><td>ngocha<\/td><td>hatran.vn82@yahoo.com<\/td><td>18<\/td><\/tr><tr><td>Tr\u1ecbnh Trung Ti\u1ebfn<\/td><td>tien<\/td><td>bstien@pnt.edu.vn<\/td><td>19<\/td><\/tr><tr><td>V\u00f5 Ng\u1ecdc Th\u1ee7y Ti\u00ean<\/td><td>thuytien<\/td><td>bsvnthuytien@gmail.com<\/td><td>20<\/td><\/tr><tr><td>Vi\u1ec7t Th\u1ecb Minh Trang<\/td><td>minhtrang<\/td><td>lavender@pnt.edu.vn<\/td><td>21<\/td><\/tr><tr><td>B\u00f9i Ng\u1ecdc Minh Thanh<\/td><td>minhthanh<\/td><td>buingocminhthanh1994@gmail.com<\/td><td>22<\/td><\/tr><tr><td>Tr\u1ea7n Th\u1ecb M\u1ed9ng Hi\u1ec7p\/V\u00f5 Th\u00e0nh Li\u00eam<\/td><td>monghiep<\/td><td>tranmonghiep@gmail.com<\/td><td>25<\/td><\/tr><tr><td>Phan Kim M\u1ef9<\/td><td>gv11<\/td><td>Phankimmy.1994@gmail.com<\/td><td>310<\/td><\/tr><\/tbody><\/table><\/figure>\n","protected":false},"excerpt":{"rendered":"<div class=\"mh-excerpt\"><p>T\u1eadp h\u1ee3p c\u00e1c c\u00f4ng c\u1ee5 kh\u00e1c nhau gi\u00fap qu\u1ea3n l\u00fd ch\u01b0\u01a1ng tr\u00ecnh b\u1ec7nh nh\u00e2n \u1ea3o \u0110\u01b0\u1eddng d\u1eabn v\u00e0o b\u1ec7nh \u00e1n \u1ea3o \u0110\u01b0\u1eddng d\u1eabn nh\u1eadp th\u00f4ng <a class=\"mh-excerpt-more\" href=\"http:\/\/bsgdtphcm.vn\/quanly\/benh-nhan-ao\/\" title=\"B\u1ec7nh nh\u00e2n \u1ea3o\">[&#8230;]<\/a><\/p>\n<\/div>","protected":false},"author":1,"featured_media":0,"parent":0,"menu_order":0,"comment_status":"closed","ping_status":"closed","template":"","meta":{"footnotes":""},"class_list":["post-251","page","type-page","status-publish","hentry"],"_links":{"self":[{"href":"http:\/\/bsgdtphcm.vn\/quanly\/wp-json\/wp\/v2\/pages\/251","targetHints":{"allow":["GET"]}}],"collection":[{"href":"http:\/\/bsgdtphcm.vn\/quanly\/wp-json\/wp\/v2\/pages"}],"about":[{"href":"http:\/\/bsgdtphcm.vn\/quanly\/wp-json\/wp\/v2\/types\/page"}],"author":[{"embeddable":true,"href":"http:\/\/bsgdtphcm.vn\/quanly\/wp-json\/wp\/v2\/users\/1"}],"replies":[{"embeddable":true,"href":"http:\/\/bsgdtphcm.vn\/quanly\/wp-json\/wp\/v2\/comments?post=251"}],"version-history":[{"count":5,"href":"http:\/\/bsgdtphcm.vn\/quanly\/wp-json\/wp\/v2\/pages\/251\/revisions"}],"predecessor-version":[{"id":391,"href":"http:\/\/bsgdtphcm.vn\/quanly\/wp-json\/wp\/v2\/pages\/251\/revisions\/391"}],"wp:attachment":[{"href":"http:\/\/bsgdtphcm.vn\/quanly\/wp-json\/wp\/v2\/media?parent=251"}],"curies":[{"name":"wp","href":"https:\/\/api.w.org\/{rel}","templated":true}]}}