{"id":19,"date":"2019-09-25T22:01:13","date_gmt":"2019-09-25T22:01:13","guid":{"rendered":"https:\/\/bsgdtphcm.vn\/quanly\/?page_id=19"},"modified":"2021-11-29T05:16:10","modified_gmt":"2021-11-29T05:16:10","slug":"khac","status":"publish","type":"page","link":"http:\/\/bsgdtphcm.vn\/quanly\/khac\/","title":{"rendered":"L\u01b0\u1ee3ng gi\u00e1"},"content":{"rendered":"\n<p>L\u01b0\u1ee3ng gi\u00e1 gi\u1eefa k\u1ef3 3 th\u00e1ng, xin m\u1eddi xem c\u00e1c video sau<\/p>\n\n\n<h4><span style=\"color: #ff0000;\">D\u00e0nh cho admin<\/span><\/h4>\n<ul>\n<li><a href=\"https:\/\/bsgdtphcm.vn\/quanly\/2021\/11\/12\/kiem-tra-giua-ky-3-thang\/\" target=\"_blank\" rel=\"noreferrer noopener\" data-rich-text-format-boundary=\"true\">gi\u1edbi thi\u1ec7u<\/a><\/li>\n<li><a href=\"https:\/\/bsgdtphcm.vn\/quanly\/2021\/11\/12\/kiem-tra-giua-ky-_lap-phong\/\" target=\"_blank\" rel=\"noreferrer noopener\" data-rich-text-format-boundary=\"true\">Thi\u1ebft l\u1eadp th\u1eddi gian<\/a><\/li>\n<\/ul>\n\n<h4><span style=\"color: #ff0000;\">D\u00e0nh cho gi\u1ea3ng vi\u00ean<\/span><\/h4>\n<ul>\n<li><a href=\"http:\/\/bsgdtphcm.vn\/video\/chamilo\/luonggia\/luonggia_gioithieu.mp4\" target=\"_blank\" rel=\"noopener noreferrer\">gi\u1edbi thi\u1ec7u<\/a><\/li>\n<li><a href=\"http:\/\/bsgdtphcm.vn\/video\/chamilo\/luonggia\/luonggia_baikiemtra.mp4\" target=\"_blank\" rel=\"noopener noreferrer\">chu\u1ea9n b\u1ecb b\u00e0i ki\u1ec3m tra (hi\u1ec3u c\u00e1c b\u00e0i ki\u1ec3m tra g\u1ed1c)<\/a><\/li>\n<li><a href=\"http:\/\/bsgdtphcm.vn\/video\/chamilo\/luonggia\/luonggia_thongsokiemtra.mp4\" target=\"_blank\" rel=\"noopener noreferrer\">l\u1ea5y c\u00e1c th\u00f4ng s\u1ed1 b\u00e0i ki\u1ec3m tra<\/a><\/li>\n<li><a href=\"http:\/\/bsgdtphcm.vn\/video\/chamilo\/luonggia\/luonggia_duongdankiemtra.mp4\" target=\"_blank\" rel=\"noopener noreferrer\">t\u1ea1o \u0111\u01b0\u1eddng d\u1eabn b\u00e0i ki\u1ec3m tra<\/a><\/li>\n<li><a href=\"http:\/\/bsgdtphcm.vn\/video\/chamilo\/luonggia\/luonggia_thietlapthoigian.mp4\" target=\"_blank\" rel=\"noopener noreferrer\">thi\u1ebft l\u1eadp th\u1eddi gian l\u00e0m b\u00e0i ki\u1ec3m tra<\/a><\/li>\n<\/ul>\n\n\n<p><a href=\"https:\/\/docs.google.com\/spreadsheets\/d\/1TpW69SrdmGS-CCfGAjztEzDmxGMjvFKJLV0JxjWFSNk\/edit#gid=0\" target=\"_blank\" rel=\"noreferrer noopener\">T\u1eadp tin excel \u0111\u1ec3 ch\u1ea1y l\u1ec7nh<\/a><\/p>\n\n\n\n<p><a href=\"https:\/\/bsgdtphcm.vn\/\/video\/chamilo\/luonggia\/\" target=\"_blank\" rel=\"noreferrer noopener\">Xem ng\u00e2n h\u00e0ng c\u00e1c video li\u00ean quan \u0111\u1ebfn l\u01b0\u1ee3ng gi\u00e1<\/a><\/p>\n\n\n\n<p><\/p>\n\n\n<h4><span style=\"color: #ff0000;\">ng\u00e2n h\u00e0ng c\u00e1c t\u00ecnh hu\u1ed1ng OSCE v\u00e0 c\u00e2u h\u1ecfi t\u00ecnh hu\u1ed1ng<\/span>\u00a0<\/h4>\n\n\n<p><a rel=\"noreferrer noopener\" href=\"https:\/\/drive.google.com\/drive\/folders\/1h0Q8-38liMQVjPb5HVBK-nkAVIr6Bx00\" target=\"_blank\">C\u00e2u h\u1ecfi t\u00ecnh hu\u1ed1ng<\/a><\/p>\n\n\n\n<p><a href=\"https:\/\/drive.google.com\/drive\/folders\/1ruZy_9Vr3bjtxJKUOMUbUkorXGwOswf1\" target=\"_blank\" rel=\"noreferrer noopener\">C\u00e2u h\u1ecfi d\u1ea1ng checklist OSCE<\/a><\/p>\n","protected":false},"excerpt":{"rendered":"<div class=\"mh-excerpt\"><p>L\u01b0\u1ee3ng gi\u00e1 gi\u1eefa k\u1ef3 3 th\u00e1ng, xin m\u1eddi xem c\u00e1c video sau D\u00e0nh cho admin gi\u1edbi thi\u1ec7u Thi\u1ebft l\u1eadp th\u1eddi gian D\u00e0nh cho gi\u1ea3ng vi\u00ean <a class=\"mh-excerpt-more\" href=\"http:\/\/bsgdtphcm.vn\/quanly\/khac\/\" title=\"L\u01b0\u1ee3ng gi\u00e1\">[&#8230;]<\/a><\/p>\n<\/div>","protected":false},"author":1,"featured_media":0,"parent":0,"menu_order":0,"comment_status":"closed","ping_status":"closed","template":"","meta":{"footnotes":""},"class_list":["post-19","page","type-page","status-publish","hentry"],"_links":{"self":[{"href":"http:\/\/bsgdtphcm.vn\/quanly\/wp-json\/wp\/v2\/pages\/19","targetHints":{"allow":["GET"]}}],"collection":[{"href":"http:\/\/bsgdtphcm.vn\/quanly\/wp-json\/wp\/v2\/pages"}],"about":[{"href":"http:\/\/bsgdtphcm.vn\/quanly\/wp-json\/wp\/v2\/types\/page"}],"author":[{"embeddable":true,"href":"http:\/\/bsgdtphcm.vn\/quanly\/wp-json\/wp\/v2\/users\/1"}],"replies":[{"embeddable":true,"href":"http:\/\/bsgdtphcm.vn\/quanly\/wp-json\/wp\/v2\/comments?post=19"}],"version-history":[{"count":8,"href":"http:\/\/bsgdtphcm.vn\/quanly\/wp-json\/wp\/v2\/pages\/19\/revisions"}],"predecessor-version":[{"id":692,"href":"http:\/\/bsgdtphcm.vn\/quanly\/wp-json\/wp\/v2\/pages\/19\/revisions\/692"}],"wp:attachment":[{"href":"http:\/\/bsgdtphcm.vn\/quanly\/wp-json\/wp\/v2\/media?parent=19"}],"curies":[{"name":"wp","href":"https:\/\/api.w.org\/{rel}","templated":true}]}}