{"id":122,"date":"2019-10-18T03:07:26","date_gmt":"2019-10-18T03:07:26","guid":{"rendered":"https:\/\/bsgdtphcm.vn\/quanly\/?page_id=122"},"modified":"2022-03-31T08:51:45","modified_gmt":"2022-03-31T08:51:45","slug":"lich-cong-tac","status":"publish","type":"page","link":"http:\/\/bsgdtphcm.vn\/quanly\/","title":{"rendered":"L\u1ecbch c\u00f4ng t\u00e1c"},"content":{"rendered":"\n<p><a rel=\"noreferrer noopener\" aria-label=\"\u0111\u01b0\u1eddng d\u1eabn (m\u1edf trong tab m\u1edbi)\" href=\"https:\/\/docs.google.com\/spreadsheets\/d\/1Kat2ndRlUS4gvzSLXtd9i5vhlHjEXWn1AGzvZN_f3ak\/edit?usp=sharing\" target=\"_blank\">\u0111\u01b0\u1eddng d\u1eabn<\/a><\/p>\n\n\n\n<iframe loading=\"lazy\" src=\"https:\/\/calendar.google.com\/calendar\/embed?height=600&#038;wkst=2&#038;bgcolor=%237986CB&#038;ctz=Asia%2FHo_Chi_Minh&#038;mode=AGENDA&#038;showTitle=0&#038;showNav=1&#038;showCalendars=0&#038;showTz=0&#038;src=YnNnZHRwaGNtLnZuQGdtYWlsLmNvbQ&#038;color=%23039BE5\" style=\"border:solid 1px #777\" width=\"1200\" height=\"900\" frameborder=\"0\" scrolling=\"no\"><\/iframe>\n\n\n\n<iframe loading=\"lazy\" src=\"https:\/\/docs.google.com\/spreadsheets\/d\/e\/2PACX-1vRZKH5VOYSTmFktwrEQOQ_6Q-OBTnTiY0F4AjRjZHMPdYJB2Wn65j8zCr4HMSNQzpdRJaM5b7e0Ake_\/pubhtml?gid=1477378200&amp;single=true&amp;widget=true&amp;headers=false\" width=\"100%\" height=\"900\"><\/iframe>\n\n\n<p><a href=\"https:\/\/bsgdtphcm.vn\/quanly\/noi-dung-hop-bo-mon\/\" target=\"_blank\" rel=\"noopener noreferrer\">\u0111\u01b0\u1eddng d\u1eabn v\u00e0o c\u1eadp nh\u1eadt ti\u1ebfn \u0111\u1ed9 c\u00f4ng vi\u1ec7c<\/a><\/p>\n\n\n<iframe loading=\"lazy\" src=\"https:\/\/docs.google.com\/spreadsheets\/d\/e\/2PACX-1vTUZBkyFAi3RiaovxulNHmomnx3CHkyUAqz7SwMx87HdQYi5QX7qDJbVEHET-V3Nxn3DctTv9ymCmXQ\/pubhtml?gid=2126711833&amp;single=true&amp;widget=true&amp;headers=false\" width=\"100%\" height=\"400\"><\/iframe>\n\n\n<p><a href=\"https:\/\/docs.google.com\/spreadsheets\/d\/1nSMEKWfNkTV_HdaYWQItkYEHMlEevL_xp_eJJTOls-E\/edit?usp=sharing\" target=\"_blank\" rel=\"noopener noreferrer\">\u0110\u01b0\u1eddng d\u1eabn \u0111\u1ec3 v\u00e0o c\u1eadp nh\u1eadt l\u1ecbch (ch\u00fa \u00fd sheet \u0111\u1ea7u ti\u00ean, c\u00e1c sheet sau s\u1ebd l\u00e0 bi\u1ec3u \u0111\u1ed3)<\/a><\/p>","protected":false},"excerpt":{"rendered":"<div class=\"mh-excerpt\"><p>\u0111\u01b0\u1eddng d\u1eabn \u0111\u01b0\u1eddng d\u1eabn v\u00e0o c\u1eadp nh\u1eadt ti\u1ebfn \u0111\u1ed9 c\u00f4ng vi\u1ec7c \u0110\u01b0\u1eddng d\u1eabn \u0111\u1ec3 v\u00e0o c\u1eadp nh\u1eadt l\u1ecbch (ch\u00fa \u00fd sheet \u0111\u1ea7u ti\u00ean, c\u00e1c sheet <a class=\"mh-excerpt-more\" href=\"http:\/\/bsgdtphcm.vn\/quanly\/\" title=\"L\u1ecbch c\u00f4ng t\u00e1c\">[&#8230;]<\/a><\/p>\n<\/div>","protected":false},"author":1,"featured_media":0,"parent":0,"menu_order":0,"comment_status":"closed","ping_status":"closed","template":"","meta":{"footnotes":""},"class_list":["post-122","page","type-page","status-publish","hentry"],"_links":{"self":[{"href":"http:\/\/bsgdtphcm.vn\/quanly\/wp-json\/wp\/v2\/pages\/122","targetHints":{"allow":["GET"]}}],"collection":[{"href":"http:\/\/bsgdtphcm.vn\/quanly\/wp-json\/wp\/v2\/pages"}],"about":[{"href":"http:\/\/bsgdtphcm.vn\/quanly\/wp-json\/wp\/v2\/types\/page"}],"author":[{"embeddable":true,"href":"http:\/\/bsgdtphcm.vn\/quanly\/wp-json\/wp\/v2\/users\/1"}],"replies":[{"embeddable":true,"href":"http:\/\/bsgdtphcm.vn\/quanly\/wp-json\/wp\/v2\/comments?post=122"}],"version-history":[{"count":14,"href":"http:\/\/bsgdtphcm.vn\/quanly\/wp-json\/wp\/v2\/pages\/122\/revisions"}],"predecessor-version":[{"id":716,"href":"http:\/\/bsgdtphcm.vn\/quanly\/wp-json\/wp\/v2\/pages\/122\/revisions\/716"}],"wp:attachment":[{"href":"http:\/\/bsgdtphcm.vn\/quanly\/wp-json\/wp\/v2\/media?parent=122"}],"curies":[{"name":"wp","href":"https:\/\/api.w.org\/{rel}","templated":true}]}}