{"id":11,"date":"2019-09-25T21:59:40","date_gmt":"2019-09-25T21:59:40","guid":{"rendered":"https:\/\/bsgdtphcm.vn\/quanly\/?page_id=11"},"modified":"2021-07-31T16:12:28","modified_gmt":"2021-07-31T16:12:28","slug":"dao-tao","status":"publish","type":"page","link":"http:\/\/bsgdtphcm.vn\/quanly\/dao-tao\/","title":{"rendered":"\u0110\u00e0o t\u1ea1o"},"content":{"rendered":"\n<p>Gi\u1edbi thi\u1ec7u c\u00e1c ch\u01b0\u01a1ng tr\u00ecnh \u0111\u00e0o t\u1ea1o<\/p>\n\n\n\n<p>Danh s\u00e1ch c\u00e1c b\u00e0i gi\u1ea3ng chuy\u00ean m\u00f4n<\/p>\n\n\n\n<p>Danh s\u00e1ch b\u00e0i gi\u1ea3ng ch\u01b0\u01a1ng tr\u00ecnh 3 th\u00e1ng <\/p>\n\n\n\n<p><a href=\"https:\/\/docs.google.com\/spreadsheets\/d\/1q9sM2oeSRuE9vFpCk8bq-EUMlk04mzgFhSu9f5UGmX4\/edit?pli=1#gid=1258249496\">https:\/\/docs.google.com\/spreadsheets\/d\/1q9sM2oeSRuE9vFpCk8bq-EUMlk04mzgFhSu9f5UGmX4\/edit?pli=1#gid=1258249496<\/a><\/p>\n\n\n\n<p>B\u1ed9 l\u1ec7nh \u0111\u1ec3 kh\u1edfi \u0111\u1ed9ng c\u00e1c kh\u00f3a m\u1edbi:<\/p>\n\n\n\n<p><a href=\"https:\/\/docs.google.com\/spreadsheets\/d\/11L3ozxH-pwB4Cq_45XIaei7HBxMnsVciVtYNrUXfHx0\/edit#gid=1961574611\">https:\/\/docs.google.com\/spreadsheets\/d\/11L3ozxH-pwB4Cq_45XIaei7HBxMnsVciVtYNrUXfHx0\/edit#gid=1961574611<\/a><\/p>\n\n\n\n<p>N\u1ea1p b\u1ed9 email cho kh\u00f3a<\/p>\n\n\n\n<p><a href=\"https:\/\/docs.google.com\/spreadsheets\/d\/1n2L886obbuITcyPqKET4FVnWJ4w-p_cbpt9BKWLpkoY\/edit#gid=152605603\">https:\/\/docs.google.com\/spreadsheets\/d\/1n2L886obbuITcyPqKET4FVnWJ4w-p_cbpt9BKWLpkoY\/edit#gid=152605603<\/a><\/p>\n","protected":false},"excerpt":{"rendered":"<div class=\"mh-excerpt\"><p>Gi\u1edbi thi\u1ec7u c\u00e1c ch\u01b0\u01a1ng tr\u00ecnh \u0111\u00e0o t\u1ea1o Danh s\u00e1ch c\u00e1c b\u00e0i gi\u1ea3ng chuy\u00ean m\u00f4n Danh s\u00e1ch b\u00e0i gi\u1ea3ng ch\u01b0\u01a1ng tr\u00ecnh 3 th\u00e1ng https:\/\/docs.google.com\/spreadsheets\/d\/1q9sM2oeSRuE9vFpCk8bq-EUMlk04mzgFhSu9f5UGmX4\/edit?pli=1#gid=1258249496 B\u1ed9 l\u1ec7nh <a class=\"mh-excerpt-more\" href=\"http:\/\/bsgdtphcm.vn\/quanly\/dao-tao\/\" title=\"\u0110\u00e0o t\u1ea1o\">[&#8230;]<\/a><\/p>\n<\/div>","protected":false},"author":1,"featured_media":0,"parent":0,"menu_order":0,"comment_status":"closed","ping_status":"closed","template":"","meta":{"footnotes":""},"class_list":["post-11","page","type-page","status-publish","hentry"],"_links":{"self":[{"href":"http:\/\/bsgdtphcm.vn\/quanly\/wp-json\/wp\/v2\/pages\/11","targetHints":{"allow":["GET"]}}],"collection":[{"href":"http:\/\/bsgdtphcm.vn\/quanly\/wp-json\/wp\/v2\/pages"}],"about":[{"href":"http:\/\/bsgdtphcm.vn\/quanly\/wp-json\/wp\/v2\/types\/page"}],"author":[{"embeddable":true,"href":"http:\/\/bsgdtphcm.vn\/quanly\/wp-json\/wp\/v2\/users\/1"}],"replies":[{"embeddable":true,"href":"http:\/\/bsgdtphcm.vn\/quanly\/wp-json\/wp\/v2\/comments?post=11"}],"version-history":[{"count":4,"href":"http:\/\/bsgdtphcm.vn\/quanly\/wp-json\/wp\/v2\/pages\/11\/revisions"}],"predecessor-version":[{"id":579,"href":"http:\/\/bsgdtphcm.vn\/quanly\/wp-json\/wp\/v2\/pages\/11\/revisions\/579"}],"wp:attachment":[{"href":"http:\/\/bsgdtphcm.vn\/quanly\/wp-json\/wp\/v2\/media?parent=11"}],"curies":[{"name":"wp","href":"https:\/\/api.w.org\/{rel}","templated":true}]}}